{"id":4719,"date":"2023-03-26T19:20:55","date_gmt":"2023-03-26T17:20:55","guid":{"rendered":"https:\/\/maia-garden.it\/?page_id=4719"},"modified":"2025-12-31T23:13:51","modified_gmt":"2025-12-31T22:13:51","slug":"impressum","status":"publish","type":"page","link":"https:\/\/maia-garden.it\/it\/impressum\/","title":{"rendered":"Area legale"},"content":{"rendered":"<div data-elementor-type=\"wp-page\" data-elementor-id=\"4719\" class=\"elementor elementor-4719\">\n\t\t\t\t\t\t<section class=\"elementor-section elementor-top-section elementor-element elementor-element-3af8856c elementor-section-boxed elementor-section-height-default elementor-section-height-default\" data-id=\"3af8856c\" data-element_type=\"section\" data-e-type=\"section\" data-settings=\"{&quot;background_background&quot;:&quot;classic&quot;}\">\n\t\t\t\t\t\t\t<div class=\"elementor-background-overlay\"><\/div>\n\t\t\t\t\t\t\t<div class=\"elementor-container elementor-column-gap-default\">\n\t\t\t\t\t<div class=\"elementor-column elementor-col-100 elementor-top-column elementor-element elementor-element-43afb417\" data-id=\"43afb417\" data-element_type=\"column\" data-e-type=\"column\">\n\t\t\t<div class=\"elementor-widget-wrap elementor-element-populated\">\n\t\t\t\t\t\t<div class=\"elementor-element elementor-element-3d9dc43 elementor-widget elementor-widget-heading\" data-id=\"3d9dc43\" data-element_type=\"widget\" data-e-type=\"widget\" data-widget_type=\"heading.default\">\n\t\t\t\t<div class=\"elementor-widget-container\">\n\t\t\t\t\t<h1 class=\"elementor-heading-title elementor-size-default\">Area legale<\/h1>\t\t\t\t<\/div>\n\t\t\t\t<\/div>\n\t\t\t\t\t<\/div>\n\t\t<\/div>\n\t\t\t\t\t<\/div>\n\t\t<\/section>\n\t\t\t\t<section class=\"elementor-section elementor-top-section elementor-element elementor-element-y4879f8 elementor-section-content-middle elementor-section-boxed elementor-section-height-default elementor-section-height-default\" data-id=\"y4879f8\" data-element_type=\"section\" data-e-type=\"section\" data-settings=\"{&quot;background_background&quot;:&quot;classic&quot;}\">\n\t\t\t\t\t\t<div class=\"elementor-container elementor-column-gap-no\">\n\t\t\t\t\t<div class=\"elementor-column elementor-col-50 elementor-top-column elementor-element elementor-element-3a05aee\" data-id=\"3a05aee\" data-element_type=\"column\" data-e-type=\"column\">\n\t\t\t<div class=\"elementor-widget-wrap elementor-element-populated\">\n\t\t\t\t\t\t<div class=\"elementor-element elementor-element-124d153 elementor-widget elementor-widget-text-editor\" data-id=\"124d153\" data-element_type=\"widget\" data-e-type=\"widget\" data-widget_type=\"text-editor.default\">\n\t\t\t\t<div class=\"elementor-widget-container\">\n\t\t\t\t\t\t\t\t\t<h2><span style=\"color: #f0f6e6;\">maia garden<\/span><\/h2><p>Via Anne-Frank 4<\/p><p>39012 Merano<\/p><p>Alto Adige | Italia<\/p><p>Tel.: +39 375 607 0602<\/p><p>E-Mail: info@maia-garden.it<\/p><p>\u00a0<\/p><p>CIN: IT021051B48GR2V3K9<\/p>\t\t\t\t\t\t\t\t<\/div>\n\t\t\t\t<\/div>\n\t\t\t\t\t<\/div>\n\t\t<\/div>\n\t\t\t\t<div class=\"elementor-column elementor-col-50 elementor-top-column elementor-element elementor-element-be3a907\" data-id=\"be3a907\" data-element_type=\"column\" data-e-type=\"column\">\n\t\t\t<div class=\"elementor-widget-wrap elementor-element-populated\">\n\t\t\t\t\t\t<div class=\"elementor-element elementor-element-874a733 elementor-widget elementor-widget-text-editor\" data-id=\"874a733\" data-element_type=\"widget\" data-e-type=\"widget\" data-widget_type=\"text-editor.default\">\n\t\t\t\t<div class=\"elementor-widget-container\">\n\t\t\t\t\t\t\t\t\t<h2><span style=\"color: #f0f6e6;\">Foto e video<\/span><\/h2><p>\u00a9 maia garden<\/p><p>\u00a9 IDM S\u00fcdtirol-Alto Adige: Marion Lafogler, Andreas Mierswa, Matt Cherubino, Frieder Blickle, Alex Filz, Benjamin Pfitscher, Tobias Kaser, Clemens Zahn<\/p>\t\t\t\t\t\t\t\t<\/div>\n\t\t\t\t<\/div>\n\t\t\t\t\t<\/div>\n\t\t<\/div>\n\t\t\t\t\t<\/div>\n\t\t<\/section>\n\t\t\t\t<section class=\"elementor-section elementor-top-section elementor-element elementor-element-03c0eb4 elementor-section-content-middle elementor-section-boxed elementor-section-height-default elementor-section-height-default\" data-id=\"03c0eb4\" data-element_type=\"section\" data-e-type=\"section\" data-settings=\"{&quot;background_background&quot;:&quot;classic&quot;}\">\n\t\t\t\t\t\t<div class=\"elementor-container elementor-column-gap-no\">\n\t\t\t\t\t<div class=\"elementor-column elementor-col-100 elementor-top-column elementor-element elementor-element-940443f\" data-id=\"940443f\" data-element_type=\"column\" data-e-type=\"column\">\n\t\t\t<div class=\"elementor-widget-wrap elementor-element-populated\">\n\t\t\t\t\t\t<div class=\"elementor-element elementor-element-06a99d2 elementor-widget elementor-widget-text-editor\" data-id=\"06a99d2\" data-element_type=\"widget\" data-e-type=\"widget\" data-widget_type=\"text-editor.default\">\n\t\t\t\t<div class=\"elementor-widget-container\">\n\t\t\t\t\t\t\t\t\t<p><strong>Responsabilit\u00e0 per i contenuti<\/strong><\/p><p>\u00a0<\/p><p>I contenuti delle nostre pagine sono stati creati con la massima cura. Tuttavia, non possiamo assumerci alcuna responsabilit\u00e0 per la correttezza, la completezza e l'attualit\u00e0 dei contenuti. In qualit\u00e0 di fornitore di servizi, siamo responsabili dei nostri contenuti su queste pagine in conformit\u00e0 alla legislazione generale ai sensi dell'articolo 7 (1) della legge tedesca sui media telematici (TMG). Tuttavia, ai sensi dei \u00a7\u00a7 da 8 a 10 della TMG, non siamo obbligati, in quanto fornitori di servizi, a monitorare le informazioni trasmesse o memorizzate da terzi o a indagare su circostanze che indicano un'attivit\u00e0 illegale. L'obbligo di rimuovere o bloccare l'uso delle informazioni in conformit\u00e0 alle leggi generali rimane inalterato. Tuttavia, la responsabilit\u00e0 in questo senso \u00e8 possibile solo a partire dal momento in cui si viene a conoscenza di una concreta violazione della legge. Qualora venissimo a conoscenza di violazioni corrispondenti, provvederemo a rimuovere immediatamente tali contenuti.<\/p><p>\u00a0<\/p><p><strong>Responsabilit\u00e0 per i link<\/strong><\/p><p>\u00a0<\/p><p>La nostra offerta contiene link a siti web esterni di terzi, sui cui contenuti non abbiamo alcuna influenza. Pertanto, non possiamo assumerci alcuna responsabilit\u00e0 per questi contenuti esterni. Il rispettivo fornitore o gestore delle pagine \u00e8 sempre responsabile del contenuto delle pagine collegate. Le pagine collegate sono state controllate per verificare eventuali violazioni di legge al momento del collegamento. I contenuti illegali non erano riconoscibili al momento del collegamento. Tuttavia, un controllo permanente dei contenuti delle pagine collegate non \u00e8 ragionevole in assenza di indicazioni concrete di una violazione legale. Nel caso in cui venissimo a conoscenza di violazioni della legge, provvederemo a rimuovere immediatamente tali link.<\/p><p>\u00a0<\/p><p><strong>Privacy Policy<\/strong><\/p><p>\u00a0<\/p><p class=\"translation-block\">L'utilizzo del nostro sito web \u00e8 generalmente possibile senza fornire dati personali. Se sulle nostre pagine vengono raccolti dati personali (ad es. nome, indirizzo o indirizzo e-mail), ci\u00f2 avviene sempre, per quanto possibile, su base volontaria. Questi dati non saranno trasmessi a terzi senza il vostro esplicito consenso. Desideriamo sottolineare che la trasmissione di dati su Internet (ad esempio la comunicazione via e-mail) pu\u00f2 presentare lacune nella sicurezza. Non \u00e8 possibile proteggere completamente i dati dall'accesso di terzi. \u00c8 espressamente vietato l'utilizzo dei dati di contatto pubblicati nell'ambito dell'obbligo di imprinting da parte di terzi per l'invio di materiale pubblicitario e informativo non espressamente richiesto. I gestori delle pagine si riservano espressamente il diritto di adire le vie legali in caso di invio non richiesto di informazioni pubblicitarie, ad esempio tramite e-mail di spam.<\/p><p>\u00a0<\/p><p><strong>Google Analytics<\/strong><\/p><p>\u00a0<\/p><p>Questo sito web utilizza Google Analytics, un servizio di analisi web fornito da Google, Inc (\"Google\"). Google Analytics utilizza dei \"cookies\", file di testo che vengono depositati sul vostro computer per consentire al sito web di analizzare come gli utenti utilizzano il sito. Le informazioni generate dal cookie sull'utilizzo del sito web da parte dell'utente (compreso il suo indirizzo IP) verranno trasmesse e memorizzate da Google su un server negli Stati Uniti. Google utilizzer\u00e0 queste informazioni per valutare l'utilizzo del sito web da parte dell'utente, per redigere rapporti sulle attivit\u00e0 del sito web per gli operatori del sito e per fornire altri servizi relativi alle attivit\u00e0 del sito web e all'utilizzo di Internet. Google pu\u00f2 anche trasferire queste informazioni a terzi, se ci\u00f2 \u00e8 richiesto dalla legge o se tali terzi elaborano le informazioni per conto di Google. Google non assocer\u00e0 il vostro indirizzo IP a nessun altro dato posseduto da Google. Potete rifiutarvi di usare i cookie selezionando l'impostazione appropriata sul vostro browser, ma tenete presente che in tal caso potreste non essere in grado di utilizzare tutte le funzionalit\u00e0 di questo sito web. Utilizzando il presente sito web, l'utente acconsente al trattamento dei propri dati da parte di Google per le modalit\u00e0 e i fini sopraindicati.<\/p>\t\t\t\t\t\t\t\t<\/div>\n\t\t\t\t<\/div>\n\t\t\t\t\t<\/div>\n\t\t<\/div>\n\t\t\t\t\t<\/div>\n\t\t<\/section>\n\t\t\t\t<\/div>","protected":false},"excerpt":{"rendered":"<p>Impressum maia garden Anne-Frank-Stra\u00dfe 4 39012 Meran S\u00fcdtirol | Italien Tel.: +39 375 607 0602 E-Mail: info@maia-garden.it \u00a0 CIN: IT021051B48GR2V3K9 Fotos &amp; Videos \u00a9 maia garden \u00a9 IDM S\u00fcdtirol-Alto Adige: Marion Lafogler, Andreas Mierswa, Matt Cherubino, Frieder Blickle, Alex Filz, Benjamin Pfitscher, Tobias Kaser, Clemens Zahn Haftung f\u00fcr Inhalte \u00a0 Die Inhalte unserer Seiten wurden [&hellip;]<\/p>\n","protected":false},"author":1,"featured_media":0,"parent":0,"menu_order":0,"comment_status":"closed","ping_status":"closed","template":"","meta":{"_monsterinsights_skip_tracking":false,"_monsterinsights_sitenote_active":false,"_monsterinsights_sitenote_note":"","_monsterinsights_sitenote_category":0,"site-sidebar-layout":"no-sidebar","site-content-layout":"page-builder","ast-site-content-layout":"full-width-container","site-content-style":"unboxed","site-sidebar-style":"unboxed","ast-global-header-display":"","ast-banner-title-visibility":"","ast-main-header-display":"","ast-hfb-above-header-display":"","ast-hfb-below-header-display":"","ast-hfb-mobile-header-display":"","site-post-title":"disabled","ast-breadcrumbs-content":"","ast-featured-img":"disabled","footer-sml-layout":"","ast-disable-related-posts":"","theme-transparent-header-meta":"enabled","adv-header-id-meta":"","stick-header-meta":"","header-above-stick-meta":"","header-main-stick-meta":"","header-below-stick-meta":"","astra-migrate-meta-layouts":"set","ast-page-background-enabled":"default","ast-page-background-meta":{"desktop":{"background-color":"var(--ast-global-color-4)","background-image":"","background-repeat":"repeat","background-position":"center center","background-size":"auto","background-attachment":"scroll","background-type":"","background-media":"","overlay-type":"","overlay-color":"","overlay-opacity":"","overlay-gradient":""},"tablet":{"background-color":"","background-image":"","background-repeat":"repeat","background-position":"center center","background-size":"auto","background-attachment":"scroll","background-type":"","background-media":"","overlay-type":"","overlay-color":"","overlay-opacity":"","overlay-gradient":""},"mobile":{"background-color":"","background-image":"","background-repeat":"repeat","background-position":"center center","background-size":"auto","background-attachment":"scroll","background-type":"","background-media":"","overlay-type":"","overlay-color":"","overlay-opacity":"","overlay-gradient":""}},"ast-content-background-meta":{"desktop":{"background-color":"var(--ast-global-color-5)","background-image":"","background-repeat":"repeat","background-position":"center center","background-size":"auto","background-attachment":"scroll","background-type":"","background-media":"","overlay-type":"","overlay-color":"","overlay-opacity":"","overlay-gradient":""},"tablet":{"background-color":"var(--ast-global-color-5)","background-image":"","background-repeat":"repeat","background-position":"center center","background-size":"auto","background-attachment":"scroll","background-type":"","background-media":"","overlay-type":"","overlay-color":"","overlay-opacity":"","overlay-gradient":""},"mobile":{"background-color":"var(--ast-global-color-5)","background-image":"","background-repeat":"repeat","background-position":"center center","background-size":"auto","background-attachment":"scroll","background-type":"","background-media":"","overlay-type":"","overlay-color":"","overlay-opacity":"","overlay-gradient":""}},"pgc_sgb_lightbox_settings":"","footnotes":""},"class_list":["post-4719","page","type-page","status-publish","hentry"],"yoast_head":"<!-- This site is optimized with the Yoast SEO plugin v26.9 - https:\/\/yoast.com\/product\/yoast-seo-wordpress\/ -->\n<title>Impressum | maia garden - apartment &amp; private garden<\/title>\n<meta name=\"robots\" content=\"noindex, follow\" \/>\n<meta property=\"og:locale\" content=\"it_IT\" \/>\n<meta property=\"og:type\" content=\"article\" \/>\n<meta property=\"og:title\" content=\"Impressum | maia garden - apartment &amp; private garden\" \/>\n<meta property=\"og:description\" content=\"Impressum maia garden Anne-Frank-Stra\u00dfe 4 39012 Meran S\u00fcdtirol | Italien Tel.: +39 375 607 0602 E-Mail: info@maia-garden.it \u00a0 CIN: IT021051B48GR2V3K9 Fotos &amp; Videos \u00a9 maia garden \u00a9 IDM S\u00fcdtirol-Alto Adige: Marion Lafogler, Andreas Mierswa, Matt Cherubino, Frieder Blickle, Alex Filz, Benjamin Pfitscher, Tobias Kaser, Clemens Zahn Haftung f\u00fcr Inhalte \u00a0 Die Inhalte unserer Seiten wurden [&hellip;]\" \/>\n<meta property=\"og:url\" content=\"https:\/\/maia-garden.it\/it\/impressum\/\" \/>\n<meta property=\"og:site_name\" content=\"maia garden - apartment &amp; private garden\" \/>\n<meta property=\"article:modified_time\" content=\"2025-12-31T22:13:51+00:00\" \/>\n<meta name=\"twitter:card\" content=\"summary_large_image\" \/>\n<meta name=\"twitter:label1\" content=\"Tempo di lettura stimato\" \/>\n\t<meta name=\"twitter:data1\" content=\"4 minuti\" \/>\n<script type=\"application\/ld+json\" class=\"yoast-schema-graph\">{\"@context\":\"https:\/\/schema.org\",\"@graph\":[{\"@type\":\"WebPage\",\"@id\":\"https:\/\/maia-garden.it\/impressum\/\",\"url\":\"https:\/\/maia-garden.it\/impressum\/\",\"name\":\"Impressum | maia garden - apartment &amp; private garden\",\"isPartOf\":{\"@id\":\"https:\/\/maia-garden.it\/#website\"},\"datePublished\":\"2023-03-26T17:20:55+00:00\",\"dateModified\":\"2025-12-31T22:13:51+00:00\",\"breadcrumb\":{\"@id\":\"https:\/\/maia-garden.it\/impressum\/#breadcrumb\"},\"inLanguage\":\"it-IT\",\"potentialAction\":[{\"@type\":\"ReadAction\",\"target\":[\"https:\/\/maia-garden.it\/impressum\/\"]}]},{\"@type\":\"BreadcrumbList\",\"@id\":\"https:\/\/maia-garden.it\/impressum\/#breadcrumb\",\"itemListElement\":[{\"@type\":\"ListItem\",\"position\":1,\"name\":\"Startseite\",\"item\":\"https:\/\/maia-garden.it\/\"},{\"@type\":\"ListItem\",\"position\":2,\"name\":\"Impressum\"}]},{\"@type\":\"WebSite\",\"@id\":\"https:\/\/maia-garden.it\/#website\",\"url\":\"https:\/\/maia-garden.it\/\",\"name\":\"maia garden - apartment & private garden\",\"description\":\"\",\"publisher\":{\"@id\":\"https:\/\/maia-garden.it\/#organization\"},\"potentialAction\":[{\"@type\":\"SearchAction\",\"target\":{\"@type\":\"EntryPoint\",\"urlTemplate\":\"https:\/\/maia-garden.it\/?s={search_term_string}\"},\"query-input\":{\"@type\":\"PropertyValueSpecification\",\"valueRequired\":true,\"valueName\":\"search_term_string\"}}],\"inLanguage\":\"it-IT\"},{\"@type\":\"Organization\",\"@id\":\"https:\/\/maia-garden.it\/#organization\",\"name\":\"maia garden - apartment & private garden\",\"url\":\"https:\/\/maia-garden.it\/\",\"logo\":{\"@type\":\"ImageObject\",\"inLanguage\":\"it-IT\",\"@id\":\"https:\/\/maia-garden.it\/#\/schema\/logo\/image\/\",\"url\":\"https:\/\/maia-garden.it\/wp-content\/uploads\/2023\/04\/cropped-Logo_final_round_white.png\",\"contentUrl\":\"https:\/\/maia-garden.it\/wp-content\/uploads\/2023\/04\/cropped-Logo_final_round_white.png\",\"width\":512,\"height\":512,\"caption\":\"maia garden - apartment & private garden\"},\"image\":{\"@id\":\"https:\/\/maia-garden.it\/#\/schema\/logo\/image\/\"}}]}<\/script>\n<!-- \/ Yoast SEO plugin. -->","yoast_head_json":{"title":"Impressum | maia garden - apartment &amp; private garden","robots":{"index":"noindex","follow":"follow"},"og_locale":"it_IT","og_type":"article","og_title":"Impressum | maia garden - apartment &amp; private garden","og_description":"Impressum maia garden Anne-Frank-Stra\u00dfe 4 39012 Meran S\u00fcdtirol | Italien Tel.: +39 375 607 0602 E-Mail: info@maia-garden.it \u00a0 CIN: IT021051B48GR2V3K9 Fotos &amp; Videos \u00a9 maia garden \u00a9 IDM S\u00fcdtirol-Alto Adige: Marion Lafogler, Andreas Mierswa, Matt Cherubino, Frieder Blickle, Alex Filz, Benjamin Pfitscher, Tobias Kaser, Clemens Zahn Haftung f\u00fcr Inhalte \u00a0 Die Inhalte unserer Seiten wurden [&hellip;]","og_url":"https:\/\/maia-garden.it\/it\/impressum\/","og_site_name":"maia garden - apartment &amp; private garden","article_modified_time":"2025-12-31T22:13:51+00:00","twitter_card":"summary_large_image","twitter_misc":{"Tempo di lettura stimato":"4 minuti"},"schema":{"@context":"https:\/\/schema.org","@graph":[{"@type":"WebPage","@id":"https:\/\/maia-garden.it\/impressum\/","url":"https:\/\/maia-garden.it\/impressum\/","name":"Impressum | maia garden - apartment &amp; private garden","isPartOf":{"@id":"https:\/\/maia-garden.it\/#website"},"datePublished":"2023-03-26T17:20:55+00:00","dateModified":"2025-12-31T22:13:51+00:00","breadcrumb":{"@id":"https:\/\/maia-garden.it\/impressum\/#breadcrumb"},"inLanguage":"it-IT","potentialAction":[{"@type":"ReadAction","target":["https:\/\/maia-garden.it\/impressum\/"]}]},{"@type":"BreadcrumbList","@id":"https:\/\/maia-garden.it\/impressum\/#breadcrumb","itemListElement":[{"@type":"ListItem","position":1,"name":"Startseite","item":"https:\/\/maia-garden.it\/"},{"@type":"ListItem","position":2,"name":"Impressum"}]},{"@type":"WebSite","@id":"https:\/\/maia-garden.it\/#website","url":"https:\/\/maia-garden.it\/","name":"maia garden - apartment & private garden","description":"","publisher":{"@id":"https:\/\/maia-garden.it\/#organization"},"potentialAction":[{"@type":"SearchAction","target":{"@type":"EntryPoint","urlTemplate":"https:\/\/maia-garden.it\/?s={search_term_string}"},"query-input":{"@type":"PropertyValueSpecification","valueRequired":true,"valueName":"search_term_string"}}],"inLanguage":"it-IT"},{"@type":"Organization","@id":"https:\/\/maia-garden.it\/#organization","name":"maia garden - apartment & private garden","url":"https:\/\/maia-garden.it\/","logo":{"@type":"ImageObject","inLanguage":"it-IT","@id":"https:\/\/maia-garden.it\/#\/schema\/logo\/image\/","url":"https:\/\/maia-garden.it\/wp-content\/uploads\/2023\/04\/cropped-Logo_final_round_white.png","contentUrl":"https:\/\/maia-garden.it\/wp-content\/uploads\/2023\/04\/cropped-Logo_final_round_white.png","width":512,"height":512,"caption":"maia garden - apartment & private garden"},"image":{"@id":"https:\/\/maia-garden.it\/#\/schema\/logo\/image\/"}}]}},"_links":{"self":[{"href":"https:\/\/maia-garden.it\/it\/wp-json\/wp\/v2\/pages\/4719","targetHints":{"allow":["GET"]}}],"collection":[{"href":"https:\/\/maia-garden.it\/it\/wp-json\/wp\/v2\/pages"}],"about":[{"href":"https:\/\/maia-garden.it\/it\/wp-json\/wp\/v2\/types\/page"}],"author":[{"embeddable":true,"href":"https:\/\/maia-garden.it\/it\/wp-json\/wp\/v2\/users\/1"}],"replies":[{"embeddable":true,"href":"https:\/\/maia-garden.it\/it\/wp-json\/wp\/v2\/comments?post=4719"}],"version-history":[{"count":16,"href":"https:\/\/maia-garden.it\/it\/wp-json\/wp\/v2\/pages\/4719\/revisions"}],"predecessor-version":[{"id":8673,"href":"https:\/\/maia-garden.it\/it\/wp-json\/wp\/v2\/pages\/4719\/revisions\/8673"}],"wp:attachment":[{"href":"https:\/\/maia-garden.it\/it\/wp-json\/wp\/v2\/media?parent=4719"}],"curies":[{"name":"wp","href":"https:\/\/api.w.org\/{rel}","templated":true}]}}